{"id":48,"date":"2024-01-07T22:33:39","date_gmt":"2024-01-07T21:33:39","guid":{"rendered":"https:\/\/lop-poznan.pl\/?page_id=48"},"modified":"2024-01-09T20:37:26","modified_gmt":"2024-01-09T19:37:26","slug":"dolacz-do-nas","status":"publish","type":"page","link":"https:\/\/lop-poznan.pl\/?page_id=48","title":{"rendered":"Do\u0142\u0105cz do nas"},"content":{"rendered":"\n<p>Lubisz przyrod\u0119? Chcesz j\u0105 chroni\u0107?<br>DO\u0141\u0104CZ DO NAS!<\/p>\n\n\n\n<p>Liga Ochrony Przyrody to najstarsza organizacja chroni\u0105ca przyrod\u0119 w Polsce od ponad 90 lat. Jeste\u015bmy organizacja z tradycjami. Cz\u0142onkostwo w LOP to presti\u017c i autorytet.<\/p>\n\n\n\n<p>Zarz\u0105d Okr\u0119gu LOP w Poznaniu zaprasza wszystkich ch\u0119tnych \u2013 nauczycieli, naukowc\u00f3w, pedagog\u00f3w, ekspert\u00f3w, prawnik\u00f3w, student\u00f3w, w\u0119dkarzy, turyst\u00f3w, mi\u0142o\u015bnik\u00f3w fotografii i wszystkich, kt\u00f3rzy kochaj\u0105 przyrod\u0119. Ka\u017cdy mo\u017ce wnie\u015b\u0107 sw\u00f3j wk\u0142ad w prace Ligi lub zaproponowa\u0107 nowe formy dzia\u0142ania.<\/p>\n\n\n\n<p>Aby zosta\u0107 cz\u0142onkiem Ligi Ochrony Przyrody przyjd\u017a do siedziby Zarz\u0105du Okr\u0119gu LOP w Poznaniu Al. Niepodleg\u0142o\u015bci 32. Wystarczy wype\u0142ni\u0107 deklaracj\u0119 oraz ui\u015bci\u0107 roczn\u0105 op\u0142at\u0119 cz\u0142onkowsk\u0105. ZAPRASZAMY!!!<\/p>\n\n\n\n<div class=\"wp-block-file\"><a id=\"wp-block-file--media-a70cac58-ca0c-4d13-baa1-91fad6995fe8\" href=\"https:\/\/lop-poznan.pl\/wp-content\/uploads\/2024\/01\/DeklaracjaLOP.doc\">DeklaracjaLOP<\/a><a href=\"https:\/\/lop-poznan.pl\/wp-content\/uploads\/2024\/01\/DeklaracjaLOP.doc\" class=\"wp-block-file__button wp-element-button\" download aria-describedby=\"wp-block-file--media-a70cac58-ca0c-4d13-baa1-91fad6995fe8\">Pobierz<\/a><\/div>\n","protected":false},"excerpt":{"rendered":"<p>Lubisz przyrod\u0119? Chcesz j\u0105 chroni\u0107?DO\u0141\u0104CZ DO NAS! Liga Ochrony Przyrody to najstarsza organizacja chroni\u0105ca przyrod\u0119 w Polsce od ponad 90 lat. Jeste\u015bmy organizacja z tradycjami. Cz\u0142onkostwo w LOP to presti\u017c i autorytet. Zarz\u0105d Okr\u0119gu LOP w Poznaniu zaprasza wszystkich ch\u0119tnych&hellip; <\/p>\n","protected":false},"author":1,"featured_media":0,"parent":0,"menu_order":0,"comment_status":"closed","ping_status":"closed","template":"","meta":{"footnotes":""},"class_list":["post-48","page","type-page","status-publish","hentry"],"_links":{"self":[{"href":"https:\/\/lop-poznan.pl\/index.php?rest_route=\/wp\/v2\/pages\/48","targetHints":{"allow":["GET"]}}],"collection":[{"href":"https:\/\/lop-poznan.pl\/index.php?rest_route=\/wp\/v2\/pages"}],"about":[{"href":"https:\/\/lop-poznan.pl\/index.php?rest_route=\/wp\/v2\/types\/page"}],"author":[{"embeddable":true,"href":"https:\/\/lop-poznan.pl\/index.php?rest_route=\/wp\/v2\/users\/1"}],"replies":[{"embeddable":true,"href":"https:\/\/lop-poznan.pl\/index.php?rest_route=%2Fwp%2Fv2%2Fcomments&post=48"}],"version-history":[{"count":2,"href":"https:\/\/lop-poznan.pl\/index.php?rest_route=\/wp\/v2\/pages\/48\/revisions"}],"predecessor-version":[{"id":82,"href":"https:\/\/lop-poznan.pl\/index.php?rest_route=\/wp\/v2\/pages\/48\/revisions\/82"}],"wp:attachment":[{"href":"https:\/\/lop-poznan.pl\/index.php?rest_route=%2Fwp%2Fv2%2Fmedia&parent=48"}],"curies":[{"name":"wp","href":"https:\/\/api.w.org\/{rel}","templated":true}]}}