{"id":160,"date":"2024-05-09T09:49:09","date_gmt":"2024-05-09T07:49:09","guid":{"rendered":"https:\/\/lop-poznan.pl\/?page_id=160"},"modified":"2025-12-31T11:08:55","modified_gmt":"2025-12-31T10:08:55","slug":"dotacje","status":"publish","type":"page","link":"https:\/\/lop-poznan.pl\/?page_id=160","title":{"rendered":"Dotacje"},"content":{"rendered":"\n<h3 class=\"wp-block-heading\">Zadanie publiczne pt. \u201eOchrona \u015brodowiska przed niszcz\u0105cym dzia\u0142aniem cz\u0142owieka w 2025 r.\u201d<\/h3>\n\n\n\n<p>1) kr\u00f3tka charakterystyk\u0119 zadania:<\/p>\n\n\n\n<p>Zadanie publiczne s\u0142u\u017cy przede wszystkim czynnej i aktywnej ochronie \u015brodowiska przyrodniczego na terenie gminy Czerwonak. Nasze dzia\u0142ania oparte s\u0105 na dzia\u0142aniach\u00a0 11-osobowej grupy stra\u017cnik\u00f3w\u00a0 LOP . Prowadzone dzia\u0142ania maj\u0105 na celu zapobieganie dewastacji \u015brodowiska przyrodniczego poprzez zwalczanie wykrocze\u0144 i przest\u0119pstw w tym zakresie. Nasze dzia\u0142ania b\u0119dziemy prowadzi\u0107 poprzez patrolowanie teren\u00f3w gminy Czerwonak w tym przede wszystkim teren\u00f3w rekreacyjnych, le\u015bnych i cennych pod wzgl\u0119dem przyrodniczym. Zaobserwowane wykroczenia i przest\u0119pstwa przeciwko \u015brodowisku s\u0105 rejestrowane jako materia\u0142 dowodowy i przekazywane takim s\u0142u\u017cbom jak stra\u017c gminna, stra\u017c le\u015bna, policja jako materia\u0142 przygotowawczy w dalszym post\u0119powaniu. Wa\u017cnym aspektem zadania jest r\u00f3wnie\u017c informowanie oraz pouczanie o prawid\u0142owym korzystaniu z zasob\u00f3w przyrody.<\/p>\n\n\n\n<p>2) dane teleadresowe Oferenta:<\/p>\n\n\n\n<p>LIGA OCHRONY PRZYROD,&nbsp; Okr\u0119g w Poznaniu:<\/p>\n\n\n\n<p>al. Niepodleg\u0142o\u015bci 32,&nbsp; 61-714 POZNA\u0143<\/p>\n\n\n\n<p>e-mail:<a href=\"mailto:%20straz.lopczerwonak@wp.pl&nbsp;\"> lop-z.o.poznan@wp.pl&nbsp;<\/a><\/p>\n\n\n\n<p>Stra\u017c Ligi Ochrony Przyrody w Czerwonaku<\/p>\n\n\n\n<p>ul. Dzia\u0142kowa 2, 62-004 Czerwonak (budynek Pro-Familii)&nbsp;&nbsp;<br>tel. 667-194-166<\/p>\n\n\n\n<p>e-mail:<a href=\"mailto:%20straz.lopczerwonak@wp.pl&nbsp;\"> straz.lopczerwonak@wp.pl&nbsp;<\/a><\/p>\n\n\n\n<p>3) informacj\u0119 o sposobie realizacji zadania:<\/p>\n\n\n\n<ul class=\"wp-block-list\">\n<li>cz\u0142onkowie stra\u017cy LOP b\u0119d\u0105 sprawowali spo\u0142eczn\u0105 kontrol\u0119 w gminie Czerwonak z uwzgl\u0119dnieniem strefy przybrze\u017cnej rzeki Warty oraz patrole rzeki motor\u00f3wk\u0105.<\/li>\n\n\n\n<li>interweniowanie w przypadkach narusze\u0144 przepis\u00f3w przeciwko ochronie przyrody i&nbsp;&nbsp; \u015brodowiska,<\/li>\n\n\n\n<li>ochrona lasu i \u0142\u0105k przed po\u017carem przez patrolowanie tych teren\u00f3w w okresie&nbsp; szczeg\u00f3lnego zagro\u017cenia i zawiadamianie o jego zauwa\u017ceniu,<\/li>\n\n\n\n<li>dokumentowanie kamer\u0105 zdarze\u0144 i zg\u0142aszanie ich do policji, stra\u017cy le\u015bnej, Gminnej, rybackiej, po\u017carnej oraz Wydzia\u0142owi Ochrony \u015arodowiska Urz\u0119du gminy Czerwonak,<\/li>\n\n\n\n<li>wywo\u017cenie samochodem znalezionych lub zg\u0142oszonych przez WO\u015a porzuconych work\u00f3w \u015bmieci, oraz usuwanie ma\u0142ych dzikich wysypisk \u015bmieci,<\/li>\n\n\n\n<li>wsp\u00f3\u0142praca ze Stra\u017c\u0105 Gminn\u0105, Le\u015bn\u0105 i policj\u0105 w zakresie ochrony \u015brodowiska naturalnego,&nbsp; oraz pomoc w zakresie ochrony teren\u00f3w zielonych, a tak\u017ce usuwanie skutk\u00f3w zanieczyszczenia obszar\u00f3w zielonych.<\/li>\n<\/ul>\n\n\n\n<p>4) Zak\u0142adane rezultaty realizacji zadania publicznego:<\/p>\n\n\n\n<p>Planowanym rezultatem b\u0119dzie przeprowadzenie minimum 6 patroli w terenie w miesi\u0105cu.<\/p>\n\n\n\n<p>Przeprowadzone dzia\u0142ania patrolowe doprowadz\u0105 do zwi\u0119kszenia \u015bwiadomo\u015bci ekologicznej oraz doprowadz\u0105&nbsp; do:<\/p>\n\n\n\n<ul class=\"wp-block-list\">\n<li>poprawy czysto\u015bci teren\u00f3w gminy i las\u00f3w,<\/li>\n\n\n\n<li>zmniejszenia wyrz\u0105dzanych szk\u00f3d w miejscach o znaczeniu przyrodniczym,<\/li>\n\n\n\n<li>wypracowania poszanowania dla \u015brodowiska przyrodniczego,<\/li>\n\n\n\n<li>wi\u0119kszej \u015bwiadomo\u015bci spo\u0142ecznej o obowi\u0105zuj\u0105cych przepisach prawnych dot. &nbsp;ochrony \u015brodowiska przyrodniczego<\/li>\n<\/ul>\n\n\n\n<p>5) termin i miejsce realizacji zadania:<\/p>\n\n\n\n<p>Zadanie jest realizowane od\u00a0 10.02.2025 r. Miejscem realizacji jest GMINA CZERWONAK\u00a0\u00a0 oraz znajduj\u0105cy si\u0119 w jej granicach PARK KRAJOBRAZOWY \u201ePUSZCZA ZIELONKA\u201d<\/p>\n\n\n\n<p>Realizacja zadania publicznego jest finansowana ze \u015brodk\u00f3w otrzymanych z&nbsp;bud\u017cetu Gminy Czerwonak.<\/p>\n\n\n<div class=\"wp-block-image\">\n<figure class=\"aligncenter size-full is-resized\"><img loading=\"lazy\" decoding=\"async\" width=\"152\" height=\"123\" src=\"http:\/\/lop-poznan.pl\/wp-content\/uploads\/2024\/05\/czerwona.png\" alt=\"\" class=\"wp-image-165\" style=\"width:152px;height:auto\"\/><\/figure>\n<\/div>\n\n\n<hr class=\"wp-block-separator has-alpha-channel-opacity\"\/>\n\n\n\n<h3 class=\"wp-block-heading\">Zadanie publiczne pt. \u201eOchrona \u015brodowiska przed niszcz\u0105cym dzia\u0142aniem cz\u0142owieka w 2024 r.\u201d<\/h3>\n\n\n\n<p>1) kr\u00f3tka charakterystyk\u0119 zadania:<\/p>\n\n\n\n<p>Zadanie publiczne s\u0142u\u017cy przede wszystkim czynnej i aktywnej ochronie \u015brodowiska przyrodniczego na terenie gminy Czerwonak. Nasze dzia\u0142ania oparte s\u0105 na dzia\u0142aniach&nbsp; 12-osobowej grupy stra\u017cnik\u00f3w&nbsp; LOP . Prowadzone dzia\u0142ania maj\u0105 na celu zapobieganie dewastacji \u015brodowiska przyrodniczego poprzez zwalczanie wykrocze\u0144 i przest\u0119pstw w tym zakresie. Nasze dzia\u0142ania b\u0119dziemy prowadzi\u0107 poprzez patrolowanie teren\u00f3w gminy Czerwonak w tym przede wszystkim teren\u00f3w rekreacyjnych, le\u015bnych i cennych pod wzgl\u0119dem przyrodniczym. Zaobserwowane wykroczenia i przest\u0119pstwa przeciwko \u015brodowisku s\u0105 rejestrowane jako materia\u0142 dowodowy i przekazywane takim s\u0142u\u017cbom jak stra\u017c gminna, stra\u017c le\u015bna, policja jako materia\u0142 przygotowawczy w dalszym post\u0119powaniu. Wa\u017cnym aspektem zadania jest r\u00f3wnie\u017c informowanie oraz pouczanie o prawid\u0142owym korzystaniu z zasob\u00f3w przyrody.<\/p>\n\n\n\n<p>2) dane teleadresowe Oferenta:<\/p>\n\n\n\n<p>LIGA OCHRONY PRZYROD,&nbsp; Okr\u0119g w Poznaniu:<\/p>\n\n\n\n<p>al. Niepodleg\u0142o\u015bci 32,&nbsp; 61-714 POZNA\u0143<\/p>\n\n\n\n<p>e-mail:<a href=\"mailto:%20straz.lopczerwonak@wp.pl&nbsp;\"> lop-z.o.poznan@wp.pl&nbsp;<\/a><\/p>\n\n\n\n<p>Stra\u017c Ligi Ochrony Przyrody w Czerwonaku<\/p>\n\n\n\n<p>ul. Dzia\u0142kowa 2, 62-004 Czerwonak (budynek Pro-Familii)&nbsp;&nbsp;<br>tel. 667-194-166<\/p>\n\n\n\n<p>e-mail:<a href=\"mailto:%20straz.lopczerwonak@wp.pl&nbsp;\"> straz.lopczerwonak@wp.pl&nbsp;<\/a><\/p>\n\n\n\n<p>3) informacj\u0119 o sposobie realizacji zadania:<\/p>\n\n\n\n<ul class=\"wp-block-list\">\n<li>cz\u0142onkowie stra\u017cy LOP b\u0119d\u0105 sprawowali spo\u0142eczn\u0105 kontrol\u0119 w gminie Czerwonak z uwzgl\u0119dnieniem strefy przybrze\u017cnej rzeki Warty oraz patrole rzeki motor\u00f3wk\u0105.<\/li>\n\n\n\n<li>interweniowanie w przypadkach narusze\u0144 przepis\u00f3w przeciwko ochronie przyrody i&nbsp;&nbsp; \u015brodowiska,<\/li>\n\n\n\n<li>ochrona lasu i \u0142\u0105k przed po\u017carem przez patrolowanie tych teren\u00f3w w okresie&nbsp; szczeg\u00f3lnego zagro\u017cenia i zawiadamianie o jego zauwa\u017ceniu,<\/li>\n\n\n\n<li>dokumentowanie kamer\u0105 zdarze\u0144 i zg\u0142aszanie ich do policji, stra\u017cy le\u015bnej, Gminnej, rybackiej, po\u017carnej oraz Wydzia\u0142owi Ochrony \u015arodowiska Urz\u0119du gminy Czerwonak,<\/li>\n\n\n\n<li>wywo\u017cenie samochodem znalezionych lub zg\u0142oszonych przez WO\u015a porzuconych work\u00f3w \u015bmieci, oraz usuwanie ma\u0142ych dzikich wysypisk \u015bmieci,<\/li>\n\n\n\n<li>wsp\u00f3\u0142praca ze Stra\u017c\u0105 Gminn\u0105, Le\u015bn\u0105 i policj\u0105 w zakresie ochrony \u015brodowiska naturalnego,&nbsp; oraz pomoc w zakresie ochrony teren\u00f3w zielonych, a tak\u017ce usuwanie skutk\u00f3w zanieczyszczenia obszar\u00f3w zielonych.<\/li>\n<\/ul>\n\n\n\n<p>4) Zak\u0142adane rezultaty realizacji zadania publicznego:<\/p>\n\n\n\n<p>Planowanym rezultatem b\u0119dzie przeprowadzenie minimum 6 patroli w terenie w miesi\u0105cu.<\/p>\n\n\n\n<p>Przeprowadzone dzia\u0142ania patrolowe doprowadz\u0105 do zwi\u0119kszenia \u015bwiadomo\u015bci ekologicznej oraz doprowadz\u0105&nbsp; do:<\/p>\n\n\n\n<ul class=\"wp-block-list\">\n<li>poprawy czysto\u015bci teren\u00f3w gminy i las\u00f3w,<\/li>\n\n\n\n<li>zmniejszenia wyrz\u0105dzanych szk\u00f3d w miejscach o znaczeniu przyrodniczym,<\/li>\n\n\n\n<li>wypracowania poszanowania dla \u015brodowiska przyrodniczego,<\/li>\n\n\n\n<li>wi\u0119kszej \u015bwiadomo\u015bci spo\u0142ecznej o obowi\u0105zuj\u0105cych przepisach prawnych dot. &nbsp;ochrony \u015brodowiska przyrodniczego<\/li>\n<\/ul>\n\n\n\n<p>5) termin i miejsce realizacji zadania:<\/p>\n\n\n\n<p>Zadanie jest realizowane od&nbsp; 02.04.2024 r. Miejscem realizacji jest GMINA CZERWONAK&nbsp;&nbsp; oraz znajduj\u0105cy si\u0119 w jej granicach PARK KRAJOBRAZOWY \u201ePUSZCZA ZIELONKA\u201d<\/p>\n\n\n\n<p>Realizacja zadania publicznego jest finansowana ze \u015brodk\u00f3w otrzymanych z&nbsp;bud\u017cetu Gminy Czerwonak.<\/p>\n\n\n<div class=\"wp-block-image\">\n<figure class=\"aligncenter size-full is-resized\"><img loading=\"lazy\" decoding=\"async\" width=\"152\" height=\"123\" src=\"http:\/\/lop-poznan.pl\/wp-content\/uploads\/2024\/05\/czerwona.png\" alt=\"\" class=\"wp-image-165\" style=\"width:152px;height:auto\"\/><\/figure>\n<\/div>\n\n\n<hr class=\"wp-block-separator has-alpha-channel-opacity\"\/>\n\n\n\n<p><\/p>\n\n\n\n<h3 class=\"wp-block-heading\">Zadanie publiczne pt. \u201eOchrona \u015brodowiska przed niszcz\u0105cym dzia\u0142aniem cz\u0142owieka w 2023 r.\u201d<\/h3>\n\n\n\n<p>1) kr\u00f3tka charakterystyk\u0119 zadania:<\/p>\n\n\n\n<p>Zadanie publiczne s\u0142u\u017cy przede wszystkim czynnej i aktywnej ochronie \u015brodowiska przyrodniczego na terenie gminy Czerwonak. Nasze dzia\u0142ania oparte s\u0105 na dzia\u0142aniach&nbsp; 12-osobowej grupy stra\u017cnik\u00f3w&nbsp; LOP . Prowadzone dzia\u0142ania maj\u0105 na celu zapobieganie dewastacji \u015brodowiska przyrodniczego poprzez zwalczanie wykrocze\u0144 i przest\u0119pstw w tym zakresie. Nasze dzia\u0142ania b\u0119dziemy prowadzi\u0107 poprzez patrolowanie teren\u00f3w gminy Czerwonak w tym przede wszystkim teren\u00f3w rekreacyjnych, le\u015bnych i cennych pod wzgl\u0119dem przyrodniczym. Zaobserwowane wykroczenia i przest\u0119pstwa przeciwko \u015brodowisku s\u0105 rejestrowane jako materia\u0142 dowodowy i przekazywane takim s\u0142u\u017cbom jak stra\u017c gminna, stra\u017c le\u015bna, policja jako materia\u0142 przygotowawczy w dalszym post\u0119powaniu. Wa\u017cnym aspektem zadania jest r\u00f3wnie\u017c informowanie oraz pouczanie o prawid\u0142owym korzystaniu z zasob\u00f3w przyrody.<\/p>\n\n\n\n<p>2) dane teleadresowe Oferenta:<\/p>\n\n\n\n<p>LIGA OCHRONY PRZYROD,&nbsp; Okr\u0119g w Poznaniu:<\/p>\n\n\n\n<p>al. Niepodleg\u0142o\u015bci 32,&nbsp; 61-714 POZNA\u0143<\/p>\n\n\n\n<p>e-mail:<a href=\"mailto:%20straz.lopczerwonak@wp.pl&nbsp;\"> lop-z.o.poznan@wp.pl&nbsp;<\/a><\/p>\n\n\n\n<p>Stra\u017c Ligi Ochrony Przyrody w Czerwonaku<\/p>\n\n\n\n<p>ul. Dzia\u0142kowa 2, 62-004 Czerwonak (budynek Pro-Familii)&nbsp;&nbsp;<br>tel. 667-194-166<\/p>\n\n\n\n<p>e-mail:<a href=\"mailto:%20straz.lopczerwonak@wp.pl&nbsp;\"> straz.lopczerwonak@wp.pl&nbsp;<\/a><\/p>\n\n\n\n<p>3) informacj\u0119 o sposobie realizacji zadania:<\/p>\n\n\n\n<ul class=\"wp-block-list\">\n<li>cz\u0142onkowie stra\u017cy LOP b\u0119d\u0105 sprawowali spo\u0142eczn\u0105 kontrol\u0119 w gminie Czerwonak z uwzgl\u0119dnieniem strefy przybrze\u017cnej rzeki Warty oraz patrole rzeki motor\u00f3wk\u0105.<\/li>\n\n\n\n<li>interweniowanie w przypadkach narusze\u0144 przepis\u00f3w przeciwko ochronie przyrody i&nbsp;&nbsp; \u015brodowiska,<\/li>\n\n\n\n<li>ochrona lasu i \u0142\u0105k przed po\u017carem przez patrolowanie tych teren\u00f3w w okresie&nbsp; szczeg\u00f3lnego zagro\u017cenia i zawiadamianie o jego zauwa\u017ceniu,<\/li>\n\n\n\n<li>dokumentowanie kamer\u0105 zdarze\u0144 i zg\u0142aszanie ich do policji, stra\u017cy le\u015bnej, Gminnej, rybackiej, po\u017carnej oraz Wydzia\u0142owi Ochrony \u015arodowiska Urz\u0119du gminy Czerwonak,<\/li>\n\n\n\n<li>wywo\u017cenie samochodem znalezionych lub zg\u0142oszonych przez WO\u015a porzuconych work\u00f3w \u015bmieci, oraz usuwanie ma\u0142ych dzikich wysypisk \u015bmieci,<\/li>\n\n\n\n<li>wsp\u00f3\u0142praca ze Stra\u017c\u0105 Gminn\u0105, Le\u015bn\u0105 i policj\u0105 w zakresie ochrony \u015brodowiska naturalnego,&nbsp; oraz pomoc w zakresie ochrony teren\u00f3w zielonych, a tak\u017ce usuwanie skutk\u00f3w zanieczyszczenia obszar\u00f3w zielonych.<\/li>\n<\/ul>\n\n\n\n<p>4) Zak\u0142adane rezultaty realizacji zadania publicznego:<\/p>\n\n\n\n<p>Planowanym rezultatem b\u0119dzie przeprowadzenie minimum 6 patroli w terenie w miesi\u0105cu.<\/p>\n\n\n\n<p>Przeprowadzone dzia\u0142ania patrolowe doprowadz\u0105 do zwi\u0119kszenia \u015bwiadomo\u015bci ekologicznej oraz doprowadz\u0105&nbsp; do:<\/p>\n\n\n\n<ul class=\"wp-block-list\">\n<li>poprawy czysto\u015bci teren\u00f3w gminy i las\u00f3w,<\/li>\n\n\n\n<li>zmniejszenia wyrz\u0105dzanych szk\u00f3d w miejscach o znaczeniu przyrodniczym,<\/li>\n\n\n\n<li>wypracowania poszanowania dla \u015brodowiska przyrodniczego,<\/li>\n\n\n\n<li>wi\u0119kszej \u015bwiadomo\u015bci spo\u0142ecznej o obowi\u0105zuj\u0105cych przepisach prawnych dot. &nbsp;ochrony \u015brodowiska przyrodniczego<\/li>\n<\/ul>\n\n\n\n<p>5) termin i miejsce realizacji zadania:<\/p>\n\n\n\n<p>Zadanie jest realizowane od&nbsp; 14.03.2023 r. Miejscem realizacji jest GMINA CZERWONAK&nbsp;&nbsp; oraz znajduj\u0105cy si\u0119 w jej granicach PARK KRAJOBRAZOWY \u201ePUSZCZA ZIELONKA\u201d<\/p>\n\n\n\n<p>Realizacja zadania publicznego jest finansowana ze \u015brodk\u00f3w otrzymanych z&nbsp;bud\u017cetu Gminy Czerwonak.<\/p>\n\n\n<div class=\"wp-block-image\">\n<figure class=\"aligncenter size-full\"><img loading=\"lazy\" decoding=\"async\" width=\"152\" height=\"123\" src=\"https:\/\/lop-poznan.pl\/wp-content\/uploads\/2024\/05\/czerwona.png\" alt=\"\" class=\"wp-image-165\"\/><\/figure>\n<\/div>\n\n\n<p><\/p>\n","protected":false},"excerpt":{"rendered":"<p>Zadanie publiczne pt. \u201eOchrona \u015brodowiska przed niszcz\u0105cym dzia\u0142aniem cz\u0142owieka w 2025 r.\u201d 1) kr\u00f3tka charakterystyk\u0119 zadania: Zadanie publiczne s\u0142u\u017cy przede wszystkim czynnej i aktywnej ochronie \u015brodowiska przyrodniczego na terenie gminy Czerwonak. Nasze dzia\u0142ania oparte s\u0105 na dzia\u0142aniach\u00a0 11-osobowej grupy stra\u017cnik\u00f3w\u00a0&hellip; <\/p>\n","protected":false},"author":1,"featured_media":0,"parent":0,"menu_order":0,"comment_status":"closed","ping_status":"closed","template":"","meta":{"footnotes":""},"class_list":["post-160","page","type-page","status-publish","hentry"],"_links":{"self":[{"href":"https:\/\/lop-poznan.pl\/index.php?rest_route=\/wp\/v2\/pages\/160","targetHints":{"allow":["GET"]}}],"collection":[{"href":"https:\/\/lop-poznan.pl\/index.php?rest_route=\/wp\/v2\/pages"}],"about":[{"href":"https:\/\/lop-poznan.pl\/index.php?rest_route=\/wp\/v2\/types\/page"}],"author":[{"embeddable":true,"href":"https:\/\/lop-poznan.pl\/index.php?rest_route=\/wp\/v2\/users\/1"}],"replies":[{"embeddable":true,"href":"https:\/\/lop-poznan.pl\/index.php?rest_route=%2Fwp%2Fv2%2Fcomments&post=160"}],"version-history":[{"count":5,"href":"https:\/\/lop-poznan.pl\/index.php?rest_route=\/wp\/v2\/pages\/160\/revisions"}],"predecessor-version":[{"id":192,"href":"https:\/\/lop-poznan.pl\/index.php?rest_route=\/wp\/v2\/pages\/160\/revisions\/192"}],"wp:attachment":[{"href":"https:\/\/lop-poznan.pl\/index.php?rest_route=%2Fwp%2Fv2%2Fmedia&parent=160"}],"curies":[{"name":"wp","href":"https:\/\/api.w.org\/{rel}","templated":true}]}}