{"id":146,"date":"2024-01-24T17:59:47","date_gmt":"2024-01-24T16:59:47","guid":{"rendered":"https:\/\/lop-poznan.pl\/?page_id=146"},"modified":"2024-01-24T17:59:48","modified_gmt":"2024-01-24T16:59:48","slug":"straz-ligi-ochrony-przyrody-7","status":"publish","type":"page","link":"https:\/\/lop-poznan.pl\/?page_id=146","title":{"rendered":"STRA\u017b LIGI OCHRONY PRZYRODY"},"content":{"rendered":"\n<p><strong>Grupa Rejonowa w Skwierzynie<\/strong><\/p>\n\n\n\n<p>Komendant: Roman \u0141yskawi\u0144ski<\/p>\n\n\n\n<p>Wojew\u00f3dztwo lubuskie&nbsp; Miasto Skwierzyna<\/p>\n\n\n\n<p>ul. Jana Paw\u0142a II 10, SKWIERZYNA&nbsp;<\/p>\n\n\n\n<p>Tel:\u00a0 732\u00a0580 404, e-mail: <a href=\"mailto:straz.lopskwierzyna@vp.pl\" target=\"_blank\" rel=\"noreferrer noopener\">straz.lopskwierzyna@vp.pl<\/a><\/p>\n","protected":false},"excerpt":{"rendered":"<p>Grupa Rejonowa w Skwierzynie Komendant: Roman \u0141yskawi\u0144ski Wojew\u00f3dztwo lubuskie&nbsp; Miasto Skwierzyna ul. Jana Paw\u0142a II 10, SKWIERZYNA&nbsp; Tel:\u00a0 732\u00a0580 404, e-mail: straz.lopskwierzyna@vp.pl<\/p>\n","protected":false},"author":1,"featured_media":0,"parent":0,"menu_order":0,"comment_status":"closed","ping_status":"closed","template":"","meta":{"footnotes":""},"class_list":["post-146","page","type-page","status-publish","hentry"],"_links":{"self":[{"href":"https:\/\/lop-poznan.pl\/index.php?rest_route=\/wp\/v2\/pages\/146","targetHints":{"allow":["GET"]}}],"collection":[{"href":"https:\/\/lop-poznan.pl\/index.php?rest_route=\/wp\/v2\/pages"}],"about":[{"href":"https:\/\/lop-poznan.pl\/index.php?rest_route=\/wp\/v2\/types\/page"}],"author":[{"embeddable":true,"href":"https:\/\/lop-poznan.pl\/index.php?rest_route=\/wp\/v2\/users\/1"}],"replies":[{"embeddable":true,"href":"https:\/\/lop-poznan.pl\/index.php?rest_route=%2Fwp%2Fv2%2Fcomments&post=146"}],"version-history":[{"count":2,"href":"https:\/\/lop-poznan.pl\/index.php?rest_route=\/wp\/v2\/pages\/146\/revisions"}],"predecessor-version":[{"id":148,"href":"https:\/\/lop-poznan.pl\/index.php?rest_route=\/wp\/v2\/pages\/146\/revisions\/148"}],"wp:attachment":[{"href":"https:\/\/lop-poznan.pl\/index.php?rest_route=%2Fwp%2Fv2%2Fmedia&parent=146"}],"curies":[{"name":"wp","href":"https:\/\/api.w.org\/{rel}","templated":true}]}}