{"id":141,"date":"2024-01-24T17:56:43","date_gmt":"2024-01-24T16:56:43","guid":{"rendered":"https:\/\/lop-poznan.pl\/?page_id=141"},"modified":"2024-01-24T17:58:04","modified_gmt":"2024-01-24T16:58:04","slug":"straz-ligi-ochrony-przyrody-6","status":"publish","type":"page","link":"https:\/\/lop-poznan.pl\/?page_id=141","title":{"rendered":"STRA\u017b LIGI OCHRONY PRZYRODY"},"content":{"rendered":"\n<p><strong>Grupa Rejonowa w Gliwicach<\/strong><\/p>\n\n\n\n<p>Komendant: Marek Kionka<\/p>\n\n\n\n<p>Wojew\u00f3dztwo \u015bl\u0105skie, Gmina So\u015bnicowice, Miasto Gliwice<\/p>\n\n\n\n<p>ul. Zwyci\u0119stwa 1, 44-100 GLIWICE&nbsp;<\/p>\n\n\n\n<p>Tel:&nbsp; 664&nbsp;917&nbsp;904, e-mail: straz.lopgliwice@wspieramprzyrode.pl<\/p>\n\n\n\n<p><a href=\"https:\/\/www.facebook.com\/slopgliwice\" target=\"_blank\" rel=\"noreferrer noopener\">https:\/\/www.facebook.com\/slopgliwice<\/a><\/p>\n","protected":false},"excerpt":{"rendered":"<p>Grupa Rejonowa w Gliwicach Komendant: Marek Kionka Wojew\u00f3dztwo \u015bl\u0105skie, Gmina So\u015bnicowice, Miasto Gliwice ul. Zwyci\u0119stwa 1, 44-100 GLIWICE&nbsp; Tel:&nbsp; 664&nbsp;917&nbsp;904, e-mail: straz.lopgliwice@wspieramprzyrode.pl https:\/\/www.facebook.com\/slopgliwice<\/p>\n","protected":false},"author":1,"featured_media":0,"parent":0,"menu_order":0,"comment_status":"closed","ping_status":"closed","template":"","meta":{"footnotes":""},"class_list":["post-141","page","type-page","status-publish","hentry"],"_links":{"self":[{"href":"https:\/\/lop-poznan.pl\/index.php?rest_route=\/wp\/v2\/pages\/141","targetHints":{"allow":["GET"]}}],"collection":[{"href":"https:\/\/lop-poznan.pl\/index.php?rest_route=\/wp\/v2\/pages"}],"about":[{"href":"https:\/\/lop-poznan.pl\/index.php?rest_route=\/wp\/v2\/types\/page"}],"author":[{"embeddable":true,"href":"https:\/\/lop-poznan.pl\/index.php?rest_route=\/wp\/v2\/users\/1"}],"replies":[{"embeddable":true,"href":"https:\/\/lop-poznan.pl\/index.php?rest_route=%2Fwp%2Fv2%2Fcomments&post=141"}],"version-history":[{"count":2,"href":"https:\/\/lop-poznan.pl\/index.php?rest_route=\/wp\/v2\/pages\/141\/revisions"}],"predecessor-version":[{"id":145,"href":"https:\/\/lop-poznan.pl\/index.php?rest_route=\/wp\/v2\/pages\/141\/revisions\/145"}],"wp:attachment":[{"href":"https:\/\/lop-poznan.pl\/index.php?rest_route=%2Fwp%2Fv2%2Fmedia&parent=141"}],"curies":[{"name":"wp","href":"https:\/\/api.w.org\/{rel}","templated":true}]}}