{"id":138,"date":"2024-01-24T17:53:03","date_gmt":"2024-01-24T16:53:03","guid":{"rendered":"https:\/\/lop-poznan.pl\/?page_id=138"},"modified":"2024-01-24T17:53:04","modified_gmt":"2024-01-24T16:53:04","slug":"straz-ligi-ochrony-przyrody-5","status":"publish","type":"page","link":"https:\/\/lop-poznan.pl\/?page_id=138","title":{"rendered":"STRA\u017b LIGI OCHRONY PRZYRODY"},"content":{"rendered":"\n<p><strong>Grupa Rejonowa w D\u0105browie G\u00f3rniczej<\/strong><\/p>\n\n\n\n<p>Komendant: Przemys\u0142aw G\u00f3rny<\/p>\n\n\n\n<p>Wojew\u00f3dztwo \u015bl\u0105skie, Gmina D\u0105browa G\u00f3rnicza<\/p>\n\n\n\n<p>ul. \u015aw. Antoniego 86, 41-300 D\u0104BROWA G\u00d3RNICZA<\/p>\n\n\n\n<p>Tel: 515-289-301,&nbsp; e-mail: straz.ligi.ochrony.przyrody@interia.pl<\/p>\n\n\n\n<p><a href=\"https:\/\/slop.pl\/community\/members\/\" target=\"_blank\" rel=\"noreferrer noopener\">https:\/\/slop.pl\/community\/members\/<\/a><\/p>\n","protected":false},"excerpt":{"rendered":"<p>Grupa Rejonowa w D\u0105browie G\u00f3rniczej Komendant: Przemys\u0142aw G\u00f3rny Wojew\u00f3dztwo \u015bl\u0105skie, Gmina D\u0105browa G\u00f3rnicza ul. \u015aw. Antoniego 86, 41-300 D\u0104BROWA G\u00d3RNICZA Tel: 515-289-301,&nbsp; e-mail: straz.ligi.ochrony.przyrody@interia.pl https:\/\/slop.pl\/community\/members\/<\/p>\n","protected":false},"author":1,"featured_media":0,"parent":0,"menu_order":0,"comment_status":"closed","ping_status":"closed","template":"","meta":{"footnotes":""},"class_list":["post-138","page","type-page","status-publish","hentry"],"_links":{"self":[{"href":"https:\/\/lop-poznan.pl\/index.php?rest_route=\/wp\/v2\/pages\/138","targetHints":{"allow":["GET"]}}],"collection":[{"href":"https:\/\/lop-poznan.pl\/index.php?rest_route=\/wp\/v2\/pages"}],"about":[{"href":"https:\/\/lop-poznan.pl\/index.php?rest_route=\/wp\/v2\/types\/page"}],"author":[{"embeddable":true,"href":"https:\/\/lop-poznan.pl\/index.php?rest_route=\/wp\/v2\/users\/1"}],"replies":[{"embeddable":true,"href":"https:\/\/lop-poznan.pl\/index.php?rest_route=%2Fwp%2Fv2%2Fcomments&post=138"}],"version-history":[{"count":1,"href":"https:\/\/lop-poznan.pl\/index.php?rest_route=\/wp\/v2\/pages\/138\/revisions"}],"predecessor-version":[{"id":139,"href":"https:\/\/lop-poznan.pl\/index.php?rest_route=\/wp\/v2\/pages\/138\/revisions\/139"}],"wp:attachment":[{"href":"https:\/\/lop-poznan.pl\/index.php?rest_route=%2Fwp%2Fv2%2Fmedia&parent=138"}],"curies":[{"name":"wp","href":"https:\/\/api.w.org\/{rel}","templated":true}]}}