{"id":135,"date":"2024-01-24T17:49:09","date_gmt":"2024-01-24T16:49:09","guid":{"rendered":"https:\/\/lop-poznan.pl\/?page_id=135"},"modified":"2024-01-24T17:49:09","modified_gmt":"2024-01-24T16:49:09","slug":"straz-ligi-ochrony-przyrody-4","status":"publish","type":"page","link":"https:\/\/lop-poznan.pl\/?page_id=135","title":{"rendered":"STRA\u017b LIGI OCHRONY PRZYRODY"},"content":{"rendered":"\n<p><strong>Grupa Rejonowa w Knurowie<\/strong><\/p>\n\n\n\n<p>Komendant: Eugeniusz Wolak<\/p>\n\n\n\n<p>Wojew\u00f3dztwo \u015bl\u0105skie, Gmina Knur\u00f3w<\/p>\n\n\n\n<p>ul. Mieszka I 5E\/2, 44-194 KNUR\u00d3W<\/p>\n\n\n\n<p>Tel: 668-524-924,&nbsp; e-mail: <a href=\"mailto:straz.lopknurow@interia.eu\">straz.lopknurow@interia.eu<\/a><\/p>\n\n\n\n<p><a href=\"https:\/\/www.facebook.com\/profile.php?id=100065587985772\" target=\"_blank\" rel=\"noreferrer noopener\">https:\/\/www.facebook.com\/profile.php?id=1000655879857<\/a><a href=\"https:\/\/www.facebook.com\/profile.php?id=100065587985772\">72<\/a><\/p>\n","protected":false},"excerpt":{"rendered":"<p>Grupa Rejonowa w Knurowie Komendant: Eugeniusz Wolak Wojew\u00f3dztwo \u015bl\u0105skie, Gmina Knur\u00f3w ul. Mieszka I 5E\/2, 44-194 KNUR\u00d3W Tel: 668-524-924,&nbsp; e-mail: straz.lopknurow@interia.eu https:\/\/www.facebook.com\/profile.php?id=100065587985772<\/p>\n","protected":false},"author":1,"featured_media":0,"parent":0,"menu_order":0,"comment_status":"closed","ping_status":"closed","template":"","meta":{"footnotes":""},"class_list":["post-135","page","type-page","status-publish","hentry"],"_links":{"self":[{"href":"https:\/\/lop-poznan.pl\/index.php?rest_route=\/wp\/v2\/pages\/135","targetHints":{"allow":["GET"]}}],"collection":[{"href":"https:\/\/lop-poznan.pl\/index.php?rest_route=\/wp\/v2\/pages"}],"about":[{"href":"https:\/\/lop-poznan.pl\/index.php?rest_route=\/wp\/v2\/types\/page"}],"author":[{"embeddable":true,"href":"https:\/\/lop-poznan.pl\/index.php?rest_route=\/wp\/v2\/users\/1"}],"replies":[{"embeddable":true,"href":"https:\/\/lop-poznan.pl\/index.php?rest_route=%2Fwp%2Fv2%2Fcomments&post=135"}],"version-history":[{"count":1,"href":"https:\/\/lop-poznan.pl\/index.php?rest_route=\/wp\/v2\/pages\/135\/revisions"}],"predecessor-version":[{"id":136,"href":"https:\/\/lop-poznan.pl\/index.php?rest_route=\/wp\/v2\/pages\/135\/revisions\/136"}],"wp:attachment":[{"href":"https:\/\/lop-poznan.pl\/index.php?rest_route=%2Fwp%2Fv2%2Fmedia&parent=135"}],"curies":[{"name":"wp","href":"https:\/\/api.w.org\/{rel}","templated":true}]}}