{"id":126,"date":"2024-01-24T17:27:36","date_gmt":"2024-01-24T16:27:36","guid":{"rendered":"https:\/\/lop-poznan.pl\/?page_id=126"},"modified":"2024-01-24T17:27:37","modified_gmt":"2024-01-24T16:27:37","slug":"straz-ligi-ochrony-przyrody-3","status":"publish","type":"page","link":"https:\/\/lop-poznan.pl\/?page_id=126","title":{"rendered":"STRA\u017b LIGI OCHRONY PRZYRODY"},"content":{"rendered":"\n<p><strong>Grupa Rejonowa nr 1 w Poznaniu<\/strong><\/p>\n\n\n\n<p>Komendant: Jolanta Kowalczyk<\/p>\n\n\n\n<p>Wojew\u00f3dztwo wielkopolskie, Miasto Pozna\u0144<\/p>\n\n\n\n<p>ul. Dolna 21A, 61-680 POZNA\u0143<\/p>\n\n\n\n<p>Tel: 604\u00a0655 165, e-mail: <a href=\"mailto:straz.loppoznan@gmail.com\">straz.loppoznan1@gmail.com<\/a> <\/p>\n\n\n\n<p><a href=\"https:\/\/www.facebook.com\/profile.php?id=100093010928300\" target=\"_blank\" rel=\"noreferrer noopener\">https:\/\/www.facebook.com\/profile.php?id=100093010928300<\/a><\/p>\n","protected":false},"excerpt":{"rendered":"<p>Grupa Rejonowa nr 1 w Poznaniu Komendant: Jolanta Kowalczyk Wojew\u00f3dztwo wielkopolskie, Miasto Pozna\u0144 ul. Dolna 21A, 61-680 POZNA\u0143 Tel: 604\u00a0655 165, e-mail: straz.loppoznan1@gmail.com https:\/\/www.facebook.com\/profile.php?id=100093010928300<\/p>\n","protected":false},"author":1,"featured_media":0,"parent":0,"menu_order":0,"comment_status":"closed","ping_status":"closed","template":"","meta":{"footnotes":""},"class_list":["post-126","page","type-page","status-publish","hentry"],"_links":{"self":[{"href":"https:\/\/lop-poznan.pl\/index.php?rest_route=\/wp\/v2\/pages\/126","targetHints":{"allow":["GET"]}}],"collection":[{"href":"https:\/\/lop-poznan.pl\/index.php?rest_route=\/wp\/v2\/pages"}],"about":[{"href":"https:\/\/lop-poznan.pl\/index.php?rest_route=\/wp\/v2\/types\/page"}],"author":[{"embeddable":true,"href":"https:\/\/lop-poznan.pl\/index.php?rest_route=\/wp\/v2\/users\/1"}],"replies":[{"embeddable":true,"href":"https:\/\/lop-poznan.pl\/index.php?rest_route=%2Fwp%2Fv2%2Fcomments&post=126"}],"version-history":[{"count":1,"href":"https:\/\/lop-poznan.pl\/index.php?rest_route=\/wp\/v2\/pages\/126\/revisions"}],"predecessor-version":[{"id":127,"href":"https:\/\/lop-poznan.pl\/index.php?rest_route=\/wp\/v2\/pages\/126\/revisions\/127"}],"wp:attachment":[{"href":"https:\/\/lop-poznan.pl\/index.php?rest_route=%2Fwp%2Fv2%2Fmedia&parent=126"}],"curies":[{"name":"wp","href":"https:\/\/api.w.org\/{rel}","templated":true}]}}