{"id":113,"date":"2024-01-24T17:08:23","date_gmt":"2024-01-24T16:08:23","guid":{"rendered":"https:\/\/lop-poznan.pl\/?page_id=113"},"modified":"2024-01-24T17:31:48","modified_gmt":"2024-01-24T16:31:48","slug":"straz-ligi-ochrony-przyrody","status":"publish","type":"page","link":"https:\/\/lop-poznan.pl\/?page_id=113","title":{"rendered":"STRA\u017b LIGI OCHRONY PRZYRODY"},"content":{"rendered":"\n<p><strong>Grupa Rejonowa w Czerwonaku<\/strong><\/p>\n\n\n\n<p>Komendant: Dawid \u0141owicki<\/p>\n\n\n\n<p>Wojew\u00f3dztwo wielkopolskie, Gmina Czerwonak<\/p>\n\n\n\n<p>ul. Dzia\u0142kowa 2, 62-004 CZERWONAK<\/p>\n\n\n\n<p>Tel: 667-194-166, e-mail: <a href=\"mailto:straz.lopczerwonak@wp.pl\">straz.lopczerwonak@wp.pl<\/a> <\/p>\n\n\n\n<p><a href=\"http:\/\/www.cma.cba.pl\">www.cma.cba.pl<\/a><\/p>\n","protected":false},"excerpt":{"rendered":"<p>Grupa Rejonowa w Czerwonaku Komendant: Dawid \u0141owicki Wojew\u00f3dztwo wielkopolskie, Gmina Czerwonak ul. Dzia\u0142kowa 2, 62-004 CZERWONAK Tel: 667-194-166, e-mail: straz.lopczerwonak@wp.pl www.cma.cba.pl<\/p>\n","protected":false},"author":1,"featured_media":0,"parent":0,"menu_order":0,"comment_status":"closed","ping_status":"closed","template":"","meta":{"footnotes":""},"class_list":["post-113","page","type-page","status-publish","hentry"],"_links":{"self":[{"href":"https:\/\/lop-poznan.pl\/index.php?rest_route=\/wp\/v2\/pages\/113","targetHints":{"allow":["GET"]}}],"collection":[{"href":"https:\/\/lop-poznan.pl\/index.php?rest_route=\/wp\/v2\/pages"}],"about":[{"href":"https:\/\/lop-poznan.pl\/index.php?rest_route=\/wp\/v2\/types\/page"}],"author":[{"embeddable":true,"href":"https:\/\/lop-poznan.pl\/index.php?rest_route=\/wp\/v2\/users\/1"}],"replies":[{"embeddable":true,"href":"https:\/\/lop-poznan.pl\/index.php?rest_route=%2Fwp%2Fv2%2Fcomments&post=113"}],"version-history":[{"count":5,"href":"https:\/\/lop-poznan.pl\/index.php?rest_route=\/wp\/v2\/pages\/113\/revisions"}],"predecessor-version":[{"id":120,"href":"https:\/\/lop-poznan.pl\/index.php?rest_route=\/wp\/v2\/pages\/113\/revisions\/120"}],"wp:attachment":[{"href":"https:\/\/lop-poznan.pl\/index.php?rest_route=%2Fwp%2Fv2%2Fmedia&parent=113"}],"curies":[{"name":"wp","href":"https:\/\/api.w.org\/{rel}","templated":true}]}}